{"id":6809,"date":"2022-06-20T10:45:26","date_gmt":"2022-06-20T15:45:26","guid":{"rendered":"http:\/\/rmcataldoinsurance.one.zysites.com\/about-us\/"},"modified":"2022-12-19T11:10:35","modified_gmt":"2022-12-19T17:10:35","slug":"about-us","status":"publish","type":"page","link":"https:\/\/www.rmcataldoinsurance.com\/es\/about-us\/","title":{"rendered":"Acerca de nosotros"},"content":{"rendered":"<h2>RM Cataldo Insurance: seguro de hogar, autom\u00f3vil y negocios en Revere, MA y \u00e1reas circundantes<\/h2>\n<p>R. M. Cataldo Insurance Agency es una agencia amigable y familiar que ha estado en el negocio por m\u00e1s de 20 a\u00f1os. Representamos a varias compa\u00f1\u00edas de seguros reconocidas, brind\u00e1ndonos varias opciones para servir mejor a nuestros clientes. Este diverso grupo de empresas no solo brinda excelentes coberturas para nuestros clientes, sino que tambi\u00e9n les asegura un precio muy competitivo y posibles ahorros.<\/p>\n<p>Ahorrar dinero a las personas y brindar un excelente servicio al cliente son nuestras principales prioridades. Brindamos coberturas para todo tipo de seguros y nos encantar\u00eda tener la oportunidad de ganar su negocio. Estaremos encantados de proporcionarle un presupuesto gratuito y sin compromiso por tel\u00e9fono si lo desea. Simplemente ll\u00e1menos o vis\u00edtenos y hable con uno de nuestros agentes altamente calificados y comience a ahorrar hoy.<\/p>\n<h3>\u00a1Elija RM Cataldo Insurance y obtenga la ventaja de la ciudad natal!<\/h3>\n<p>Las p\u00f3lizas y los planes de seguro var\u00edan de un estado a otro, por lo que es importante contar con una compa\u00f1\u00eda de seguros con licencia local que comprenda los entresijos de los seguros espec\u00edficos de Massachusetts. El equipo de seguros de RM Cataldo conoce las p\u00f3lizas de las mejores compa\u00f1\u00edas de seguros y las leyes locales correspondientes mejor que las compa\u00f1\u00edas de seguros m\u00e1s grandes a nivel nacional y puede guiarlo a trav\u00e9s de todo el proceso de seguro, ya sea en persona o por tel\u00e9fono.<\/p>\n<p>El equipo de seguros de RM Cataldo hace que sea m\u00e1s f\u00e1cil que nunca comprar y comparar cotizaciones de seguros locales de Massachusetts. Sabemos que su tiempo es invaluable, por lo que comparamos instant\u00e1neamente las mejores cotizaciones de seguros de las principales compa\u00f1\u00edas de seguros, todo a la vez. Simplemente complete nuestros sencillos formularios y obtenga una cotizaci\u00f3n de seguro instant\u00e1nea.<\/p>\n","protected":false},"excerpt":{"rendered":"<p>RM Cataldo Insurance: seguro de hogar, autom\u00f3vil y negocios en Revere, MA y \u00e1reas circundantes R. M. Cataldo Insurance Agency es una agencia amigable y familiar que ha estado en el negocio por m\u00e1s de 20 a\u00f1os. Representamos a varias compa\u00f1\u00edas de seguros reconocidas, brind\u00e1ndonos varias opciones para servir mejor a nuestros clientes. Este diverso [&hellip;]<\/p>\n","protected":false},"author":6,"featured_media":0,"parent":0,"menu_order":0,"comment_status":"closed","ping_status":"closed","template":"","meta":{"_acf_changed":false,"_seopress_robots_primary_cat":null,"_seopress_titles_title":"","_seopress_titles_desc":"","_seopress_robots_index":"","_analytify_skip_tracking":false,"footnotes":""},"class_list":["post-6809","page","type-page","status-publish","hentry"],"acf":[],"_links":{"self":[{"href":"https:\/\/www.rmcataldoinsurance.com\/es\/wp-json\/wp\/v2\/pages\/6809","targetHints":{"allow":["GET"]}}],"collection":[{"href":"https:\/\/www.rmcataldoinsurance.com\/es\/wp-json\/wp\/v2\/pages"}],"about":[{"href":"https:\/\/www.rmcataldoinsurance.com\/es\/wp-json\/wp\/v2\/types\/page"}],"author":[{"embeddable":true,"href":"https:\/\/www.rmcataldoinsurance.com\/es\/wp-json\/wp\/v2\/users\/6"}],"replies":[{"embeddable":true,"href":"https:\/\/www.rmcataldoinsurance.com\/es\/wp-json\/wp\/v2\/comments?post=6809"}],"version-history":[{"count":0,"href":"https:\/\/www.rmcataldoinsurance.com\/es\/wp-json\/wp\/v2\/pages\/6809\/revisions"}],"wp:attachment":[{"href":"https:\/\/www.rmcataldoinsurance.com\/es\/wp-json\/wp\/v2\/media?parent=6809"}],"curies":[{"name":"wp","href":"https:\/\/api.w.org\/{rel}","templated":true}]}}